{"id":2,"date":"2016-07-05T10:49:32","date_gmt":"2016-07-05T10:49:32","guid":{"rendered":"http:\/\/themes.muffingroup.com\/be\/writer\/?page_id=2"},"modified":"2018-07-07T17:29:56","modified_gmt":"2018-07-07T15:29:56","slug":"home","status":"publish","type":"page","link":"https:\/\/www.imagenesyarte.com\/de\/","title":{"rendered":"Home"},"content":{"rendered":"<p>Heading<\/p>\n<h3 class=\"themecolor\">Deine t\u00e4gliche Inspiration<\/h3>\n<p>no-repeat;center top;;<\/p>\n<p>auto<\/p>\n<p>Desc<\/p>\n<p style=\"color: #fff;\"><span class=\"dropcap transparent\" style=\"font-family:'Great Vibes',Arial,Tahoma,sans-serif; color:#ffc013; font-size:70px;height:70px;line-height:70px;width:70px;\">J<\/span>\nuwelen unserer Gedankenwelt entstand, um Sie mit wundersch\u00f6nen Fotos und  tiefgr\u00fcndigen S\u00e4tzen durch jeden einzelnen Tag des Jahres zu f\u00fchren.<\/p>\n<p>Einige der 365 S\u00e4tze sind sehr bekannt, andere wieder nicht, weil sie eben sehr neu sind; es sind solche dabei, die von ber\u00fchmten Pers\u00f6nlichkeiten stammen und andere von anonymen Denkern. Alle aber sind sie mit grosser Sorgfalt ausgew\u00e4hlt worden und   haben einen gemeinsamen Nenner, sie sind  Ausdruck universeller Werte.<\/p>\n<p>.<\/p>\n<p>no-repeat;center top;;<\/p>\n<p>auto<\/p>\n<p>Desc<\/p>\n<p style=\"color: #fff;\">Nicht weniger wertvoll sind die Fotografien von 15 gro\u00dfen Fotografen, die jeweils ihren eigenen bestimmten Stil spiegeln und die selbstlos an diesem Projekt mitgewirkt haben. Ich ermuntere Sie diese K\u00fcnstler besser kennenzulernen. Ihre Web-Seiten finden Sie am Ende des Buches auf der Danke Seite..<\/p>\n<h1><\/h1>\n<p  style=\"color: #fff;\" >Sollten Sie Ihr Buch personalisieren wollen, so befolgen Sie bitte die oben aufgef\u00fchrten Anleitungen. <\/p>\n<p style=\"color: #fff;\" ><center><a href=\"https:\/\/youtu.be\/ku89aeRhLaU\"><span style=\"color: #ffcc00;\"> Kurzvideo mit Musik<\/span><\/center><\/a><\/p>\n<p  style=\"color: #fff;\" >F\u00fcr Ihre t\u00e4gliche visuelle Inspiration, abonnieren Sie bitte zus\u00e4tzlich meinen <center> <<a href=\"https:\/\/tinyurl.com\/zxfv5s6\"><span style=\"color: #ffcc00;\">Youtube Kanal<\/span><\/center><\/a><\/p>\n<p>no-repeat;center top;;<\/p>\n<p>auto<\/p>\n<p><img decoding=\"async\" class=\"scale-with-grid\" src=\"https:\/\/www.imagenesyarte.com\/de\/wp-content\/uploads\/2016\/12\/Foto-para-la-web-alemana-1.jpg\" alt=\"\" \/><\/p>\n<p>#43464d<\/p>\n<p>#2e3036<\/p>\n<p>40px 30px<\/p>\n<p><img decoding=\"async\" class=\"scale-with-grid\" src=\"https:\/\/www.imagenesyarte.com\/de\/wp-content\/uploads\/2016\/12\/foto-paralaweb-alemana-2.jpg\" alt=\"\" \/><\/p>\n<p>#43464d<\/p>\n<p>#2e3036<\/p>\n<p>40px 30px<\/p>\n<p><img decoding=\"async\" class=\"scale-with-grid\" src=\"https:\/\/www.imagenesyarte.com\/de\/wp-content\/uploads\/2016\/12\/foto-parala-web-alemana-3.jpg\" alt=\"\" \/><\/p>\n<p>#43464d<\/p>\n<p>#2e3036<\/p>\n<p>40px 30px<\/p>\n<p><img decoding=\"async\" class=\"scale-with-grid\" src=\"https:\/\/www.imagenesyarte.com\/de\/wp-content\/uploads\/2016\/12\/foto-para-la-web-alemana-6.jpg\" alt=\"\" \/><\/p>\n<p>#43464d<\/p>\n<p>#2e3036<\/p>\n<p>40px 30px<\/p>\n<p><img decoding=\"async\" class=\"scale-with-grid\" src=\"https:\/\/www.imagenesyarte.com\/de\/wp-content\/uploads\/2016\/12\/foto-parala-web-alemana-5.jpg\" alt=\"\" \/><\/p>\n<p>#43464d<\/p>\n<p>#2e3036<\/p>\n<p>40px 30px<\/p>\n<p><img decoding=\"async\" class=\"scale-with-grid\" src=\"https:\/\/www.imagenesyarte.com\/de\/wp-content\/uploads\/2016\/12\/foto-parala-web-alemana-4.jpg\" alt=\"\" \/><\/p>\n<p>#43464d<\/p>\n<p>#2e3036<\/p>\n<p>40px 30px<\/p>\n<p><script src=\"https:\/\/videopal.me\/js\/vp_player.min.js?v=1.1.12\" data-cfasync=\"false\"><\/script><br \/>\n<script>\nvar vpPlayer = new VpPlayer({\n    embedId: \"NKqxpx8uy9qa\"\n});<\/script><\/p>\n<p>no-repeat;center top;;<\/p>\n<p>auto<\/p>\n","protected":false},"excerpt":{"rendered":"<p>Heading Deine t\u00e4gliche Inspiration no-repeat;center top;; auto Desc uwelen unserer Gedankenwelt entstand, um Sie mit wundersch\u00f6nen Fotos und tiefgr\u00fcndigen S\u00e4tzen durch jeden einzelnen Tag des Jahres<span class=\"excerpt-hellip\"> [\u2026]<\/span><\/p>\n","protected":false},"author":1,"featured_media":0,"parent":0,"menu_order":0,"comment_status":"closed","ping_status":"open","template":"","meta":{"pmpro_default_level":"","footnotes":""},"class_list":["post-2","page","type-page","status-publish","hentry","pmpro-has-access"],"yoast_head":"<!-- This site is optimized with the Yoast SEO plugin v27.0 - https:\/\/yoast.com\/product\/yoast-seo-wordpress\/ -->\n<title>Home - Kunst und Bilder<\/title>\n<meta name=\"robots\" content=\"index, follow, max-snippet:-1, max-image-preview:large, max-video-preview:-1\" \/>\n<link rel=\"canonical\" href=\"https:\/\/www.imagenesyarte.com\/de\/\" \/>\n<meta property=\"og:locale\" content=\"de_DE\" \/>\n<meta property=\"og:type\" content=\"article\" \/>\n<meta property=\"og:title\" content=\"Home - Kunst und Bilder\" \/>\n<meta property=\"og:description\" content=\"Heading Deine t\u00e4gliche Inspiration no-repeat;center top;; auto Desc uwelen unserer Gedankenwelt entstand, um Sie mit wundersch\u00f6nen Fotos und tiefgr\u00fcndigen S\u00e4tzen durch jeden einzelnen Tag des Jahres [\u2026]\" \/>\n<meta property=\"og:url\" content=\"https:\/\/www.imagenesyarte.com\/de\/\" \/>\n<meta property=\"og:site_name\" content=\"Kunst und Bilder\" \/>\n<meta property=\"article:modified_time\" content=\"2018-07-07T15:29:56+00:00\" \/>\n<meta property=\"og:image\" content=\"https:\/\/www.imagenesyarte.com\/de\/wp-content\/uploads\/2016\/12\/Foto-para-la-web-alemana-1.jpg\" \/>\n<meta name=\"twitter:card\" content=\"summary_large_image\" \/>\n<meta name=\"twitter:label1\" content=\"Gesch\u00e4tzte Lesezeit\" \/>\n\t<meta name=\"twitter:data1\" content=\"1\u00a0Minute\" \/>\n<script type=\"application\/ld+json\" class=\"yoast-schema-graph\">{\"@context\":\"https:\/\/schema.org\",\"@graph\":[{\"@type\":\"WebPage\",\"@id\":\"https:\/\/www.imagenesyarte.com\/de\/\",\"url\":\"https:\/\/www.imagenesyarte.com\/de\/\",\"name\":\"Home - Kunst und Bilder\",\"isPartOf\":{\"@id\":\"https:\/\/www.imagenesyarte.com\/de\/#website\"},\"primaryImageOfPage\":{\"@id\":\"https:\/\/www.imagenesyarte.com\/de\/#primaryimage\"},\"image\":{\"@id\":\"https:\/\/www.imagenesyarte.com\/de\/#primaryimage\"},\"thumbnailUrl\":\"https:\/\/www.imagenesyarte.com\/de\/wp-content\/uploads\/2016\/12\/Foto-para-la-web-alemana-1.jpg\",\"datePublished\":\"2016-07-05T10:49:32+00:00\",\"dateModified\":\"2018-07-07T15:29:56+00:00\",\"breadcrumb\":{\"@id\":\"https:\/\/www.imagenesyarte.com\/de\/#breadcrumb\"},\"inLanguage\":\"de\",\"potentialAction\":[{\"@type\":\"ReadAction\",\"target\":[\"https:\/\/www.imagenesyarte.com\/de\/\"]}]},{\"@type\":\"ImageObject\",\"inLanguage\":\"de\",\"@id\":\"https:\/\/www.imagenesyarte.com\/de\/#primaryimage\",\"url\":\"https:\/\/www.imagenesyarte.com\/de\/wp-content\/uploads\/2016\/12\/Foto-para-la-web-alemana-1.jpg\",\"contentUrl\":\"https:\/\/www.imagenesyarte.com\/de\/wp-content\/uploads\/2016\/12\/Foto-para-la-web-alemana-1.jpg\",\"width\":1040,\"height\":777},{\"@type\":\"BreadcrumbList\",\"@id\":\"https:\/\/www.imagenesyarte.com\/de\/#breadcrumb\",\"itemListElement\":[{\"@type\":\"ListItem\",\"position\":1,\"name\":\"Startseite\",\"item\":\"https:\/\/www.imagenesyarte.com\/de\/\"},{\"@type\":\"ListItem\",\"position\":2,\"name\":\"Home\"}]},{\"@type\":\"WebSite\",\"@id\":\"https:\/\/www.imagenesyarte.com\/de\/#website\",\"url\":\"https:\/\/www.imagenesyarte.com\/de\/\",\"name\":\"Kunst und Bilder\",\"description\":\"Deine t\u00e4gliche Inspiration\",\"potentialAction\":[{\"@type\":\"SearchAction\",\"target\":{\"@type\":\"EntryPoint\",\"urlTemplate\":\"https:\/\/www.imagenesyarte.com\/de\/?s={search_term_string}\"},\"query-input\":{\"@type\":\"PropertyValueSpecification\",\"valueRequired\":true,\"valueName\":\"search_term_string\"}}],\"inLanguage\":\"de\"}]}<\/script>\n<!-- \/ Yoast SEO plugin. -->","yoast_head_json":{"title":"Home - Kunst und Bilder","robots":{"index":"index","follow":"follow","max-snippet":"max-snippet:-1","max-image-preview":"max-image-preview:large","max-video-preview":"max-video-preview:-1"},"canonical":"https:\/\/www.imagenesyarte.com\/de\/","og_locale":"de_DE","og_type":"article","og_title":"Home - Kunst und Bilder","og_description":"Heading Deine t\u00e4gliche Inspiration no-repeat;center top;; auto Desc uwelen unserer Gedankenwelt entstand, um Sie mit wundersch\u00f6nen Fotos und tiefgr\u00fcndigen S\u00e4tzen durch jeden einzelnen Tag des Jahres [\u2026]","og_url":"https:\/\/www.imagenesyarte.com\/de\/","og_site_name":"Kunst und Bilder","article_modified_time":"2018-07-07T15:29:56+00:00","og_image":[{"url":"https:\/\/www.imagenesyarte.com\/de\/wp-content\/uploads\/2016\/12\/Foto-para-la-web-alemana-1.jpg","type":"","width":"","height":""}],"twitter_card":"summary_large_image","twitter_misc":{"Gesch\u00e4tzte Lesezeit":"1\u00a0Minute"},"schema":{"@context":"https:\/\/schema.org","@graph":[{"@type":"WebPage","@id":"https:\/\/www.imagenesyarte.com\/de\/","url":"https:\/\/www.imagenesyarte.com\/de\/","name":"Home - Kunst und Bilder","isPartOf":{"@id":"https:\/\/www.imagenesyarte.com\/de\/#website"},"primaryImageOfPage":{"@id":"https:\/\/www.imagenesyarte.com\/de\/#primaryimage"},"image":{"@id":"https:\/\/www.imagenesyarte.com\/de\/#primaryimage"},"thumbnailUrl":"https:\/\/www.imagenesyarte.com\/de\/wp-content\/uploads\/2016\/12\/Foto-para-la-web-alemana-1.jpg","datePublished":"2016-07-05T10:49:32+00:00","dateModified":"2018-07-07T15:29:56+00:00","breadcrumb":{"@id":"https:\/\/www.imagenesyarte.com\/de\/#breadcrumb"},"inLanguage":"de","potentialAction":[{"@type":"ReadAction","target":["https:\/\/www.imagenesyarte.com\/de\/"]}]},{"@type":"ImageObject","inLanguage":"de","@id":"https:\/\/www.imagenesyarte.com\/de\/#primaryimage","url":"https:\/\/www.imagenesyarte.com\/de\/wp-content\/uploads\/2016\/12\/Foto-para-la-web-alemana-1.jpg","contentUrl":"https:\/\/www.imagenesyarte.com\/de\/wp-content\/uploads\/2016\/12\/Foto-para-la-web-alemana-1.jpg","width":1040,"height":777},{"@type":"BreadcrumbList","@id":"https:\/\/www.imagenesyarte.com\/de\/#breadcrumb","itemListElement":[{"@type":"ListItem","position":1,"name":"Startseite","item":"https:\/\/www.imagenesyarte.com\/de\/"},{"@type":"ListItem","position":2,"name":"Home"}]},{"@type":"WebSite","@id":"https:\/\/www.imagenesyarte.com\/de\/#website","url":"https:\/\/www.imagenesyarte.com\/de\/","name":"Kunst und Bilder","description":"Deine t\u00e4gliche Inspiration","potentialAction":[{"@type":"SearchAction","target":{"@type":"EntryPoint","urlTemplate":"https:\/\/www.imagenesyarte.com\/de\/?s={search_term_string}"},"query-input":{"@type":"PropertyValueSpecification","valueRequired":true,"valueName":"search_term_string"}}],"inLanguage":"de"}]}},"_links":{"self":[{"href":"https:\/\/www.imagenesyarte.com\/de\/wp-json\/wp\/v2\/pages\/2","targetHints":{"allow":["GET"]}}],"collection":[{"href":"https:\/\/www.imagenesyarte.com\/de\/wp-json\/wp\/v2\/pages"}],"about":[{"href":"https:\/\/www.imagenesyarte.com\/de\/wp-json\/wp\/v2\/types\/page"}],"author":[{"embeddable":true,"href":"https:\/\/www.imagenesyarte.com\/de\/wp-json\/wp\/v2\/users\/1"}],"replies":[{"embeddable":true,"href":"https:\/\/www.imagenesyarte.com\/de\/wp-json\/wp\/v2\/comments?post=2"}],"version-history":[{"count":4,"href":"https:\/\/www.imagenesyarte.com\/de\/wp-json\/wp\/v2\/pages\/2\/revisions"}],"predecessor-version":[{"id":3476,"href":"https:\/\/www.imagenesyarte.com\/de\/wp-json\/wp\/v2\/pages\/2\/revisions\/3476"}],"wp:attachment":[{"href":"https:\/\/www.imagenesyarte.com\/de\/wp-json\/wp\/v2\/media?parent=2"}],"curies":[{"name":"wp","href":"https:\/\/api.w.org\/{rel}","templated":true}]}}