{"id":2569,"date":"2017-05-09T18:45:31","date_gmt":"2017-05-09T16:45:31","guid":{"rendered":"http:\/\/www.imagenesyarte.com\/de\/?page_id=2569"},"modified":"2017-10-18T09:15:49","modified_gmt":"2017-10-18T07:15:49","slug":"buch-des-lebens","status":"publish","type":"page","link":"https:\/\/www.imagenesyarte.com\/de\/buch-des-lebens\/","title":{"rendered":"Buch des Lebens"},"content":{"rendered":"<p>&nbsp;<\/p>\n<h5 class=\"m_-2711909877027935322gmail-p2\" style=\"text-align: left;\"><span class=\"m_-2711909877027935322gmail-s1\">Wir schaffen individuelle Pr\u00e4sentationen als Geschenk f\u00fcr Menschen aller Altersgruppen mit bedeutenden Momenten ihres Lebens.\u00a0<\/span><\/h5>\n<p class=\"m_-2711909877027935322gmail-p2\" style=\"text-align: left;\"><span class=\"m_-2711909877027935322gmail-s1\">Im Folgenden finden Sie einige Beispiele, aber nat\u00fcrlich gibt es noch viele mehr.<\/span><\/p>\n<p class=\"m_-2711909877027935322gmail-p2\" style=\"text-align: left;\"><span class=\"m_-2711909877027935322gmail-s1\">Das Bildmaterial muss per E-Mail an uns geschickt werden, sowie die ausgew\u00e4hlte Musik. Wenn Sie wollen, k\u00f6nnen wir eine f\u00fcr Sie exklusive Musik mit einem geringen Aufpreis erstellen.<\/span><\/p>\n<p class=\"m_-2711909877027935322gmail-p2\" style=\"text-align: left;\"><span class=\"m_-2711909877027935322gmail-s1\">Der Preis f\u00fcr die Pr\u00e4sentation ist abh\u00e4ngig von der Anzahl der Fotos. Bitten Sie uns einfach ganz unverbindlich um ein Angebot.<\/span><\/p>\n<h5 class=\"m_-2711909877027935322gmail-p2\" style=\"text-align: left;\"><span class=\"m_-2711909877027935322gmail-s1\">B\u00fccher des Lebens f\u00fcr junge Leute k\u00f6nnten sein f\u00fcr:<\/span><\/h5>\n<p class=\"m_-2711909877027935322gmail-p2\" style=\"text-align: left;\"><span class=\"m_-2711909877027935322gmail-s1\">&#8211; Pr\u00e4sentation beim Abschluss eines jeden einzelnen der Schulabschnitte als Erinnerung daran (Kindergarten, Hauptschule, weiterf\u00fchrende Schule, Universit\u00e4t, oder alle zusammen)<\/span><\/p>\n<p class=\"m_-2711909877027935322gmail-p2\" style=\"text-align: left;\"><span class=\"m_-2711909877027935322gmail-s1\">&#8211; von Wettbewerben, wenn sie Sportler oder K\u00fcnstler sind.<\/span><\/p>\n<p class=\"m_-2711909877027935322gmail-p2\" style=\"text-align: left;\"><span class=\"m_-2711909877027935322gmail-s1\">&#8211; Pr\u00e4sentation aller ihrer Kindergeburtstagsfeiern beim Erreichen\u00a0 der Vollj\u00e4hrigkeit.<\/span><\/p>\n<p class=\"m_-2711909877027935322gmail-p2\" style=\"text-align: left;\"><span class=\"m_-2711909877027935322gmail-s1\">&#8211; ein ganz besonderer Urlaub oder ganz aussergew\u00f6hnliche Erfahrungen<\/span><\/p>\n<h5 class=\"m_-2711909877027935322gmail-p2\" style=\"text-align: left;\"><span class=\"m_-2711909877027935322gmail-s1\">F\u00fcr \u00e4ltere Personen k\u00f6nnten B\u00fccher des Lebens Folgende sein :<\/span><\/h5>\n<p class=\"m_-2711909877027935322gmail-p2\" style=\"text-align: left;\"><span class=\"m_-2711909877027935322gmail-s1\">&#8211; komplettes Buch des Lebens beim Erreichen des 70-75-80-85-90-95-100 Geburtstages oder fr\u00fcher.<\/span><\/p>\n<p class=\"m_-2711909877027935322gmail-p2\" style=\"text-align: left;\"><span class=\"m_-2711909877027935322gmail-s1\">&#8211; Buch f\u00fcr ein Paar (gemeinsames Leben) von der Hochzeit\u00a0 an bis zur Silber-, Gold-, oder Diamantenhochzeit, als Geschenk f\u00fcr diesen Tag.<\/span><\/p>\n<p class=\"m_-2711909877027935322gmail-p2\" style=\"text-align: left;\"><span class=\"m_-2711909877027935322gmail-s1\">&#8211; Auswahl von Fotos von einem selbst (dem Schenker) mit dem Elternteil zusammen am\u00a0 Muttertag\u00a0 oder am Vatertag, auch sch\u00f6n f\u00fcr Gro\u00dfeltern.<\/span><\/p>\n<p class=\"m_-2711909877027935322gmail-p2\" style=\"text-align: left;\"><span class=\"m_-2711909877027935322gmail-s1\">&#8211; Pr\u00e4sentation des\u00a0 Gro\u00dfelternseins seit ihrer Geburt an (wenn Sie der Enkel sind, der schenkt ) sind bis zum aktuellen Tag.<\/span><\/p>\n<p class=\"m_-2711909877027935322gmail-p2\" style=\"text-align: left;\"><span class=\"m_-2711909877027935322gmail-s1\">Hier unten k\u00f6nnen Sie das Beispiel einer Pr\u00e4sentation sehen. Wir hoffen, Sie verf\u00fcgen \u00fcber\u00a0 viele Bilder, je mehr desto besser, denn so k\u00f6nnen Sie das originelle Geschenk bestellen, das sicher jeder liebt. Die Mindestmenge sollten 20 Fotos sein.<\/span><\/p>\n<p><center><br \/>\n<iframe loading=\"lazy\" src=\"https:\/\/www.youtube.com\/embed\/OlJMEwgD6fY?rel=0&amp;controls=0&amp;showinfo=0\" width=\"576\" height=\"320\" frameborder=\"0\" allowfullscreen=\"allowfullscreen\"><\/iframe><\/p>\n","protected":false},"excerpt":{"rendered":"<p>&nbsp; Wir schaffen individuelle Pr\u00e4sentationen als Geschenk f\u00fcr Menschen aller Altersgruppen mit bedeutenden Momenten ihres Lebens.\u00a0 Im Folgenden finden Sie einige Beispiele, aber nat\u00fcrlich gibt es<span class=\"excerpt-hellip\"> [\u2026]<\/span><\/p>\n","protected":false},"author":1,"featured_media":0,"parent":0,"menu_order":0,"comment_status":"closed","ping_status":"closed","template":"","meta":{"pmpro_default_level":"","footnotes":""},"class_list":["post-2569","page","type-page","status-publish","hentry","pmpro-has-access"],"yoast_head":"<!-- This site is optimized with the Yoast SEO plugin v27.0 - https:\/\/yoast.com\/product\/yoast-seo-wordpress\/ -->\n<title>Buch des Lebens - Kunst und Bilder<\/title>\n<meta name=\"robots\" content=\"index, follow, max-snippet:-1, max-image-preview:large, max-video-preview:-1\" \/>\n<link rel=\"canonical\" href=\"https:\/\/www.imagenesyarte.com\/de\/buch-des-lebens\/\" \/>\n<meta property=\"og:locale\" content=\"de_DE\" \/>\n<meta property=\"og:type\" content=\"article\" \/>\n<meta property=\"og:title\" content=\"Buch des Lebens - Kunst und Bilder\" \/>\n<meta property=\"og:description\" content=\"&nbsp; Wir schaffen individuelle Pr\u00e4sentationen als Geschenk f\u00fcr Menschen aller Altersgruppen mit bedeutenden Momenten ihres Lebens.\u00a0 Im Folgenden finden Sie einige Beispiele, aber nat\u00fcrlich gibt es [\u2026]\" \/>\n<meta property=\"og:url\" content=\"https:\/\/www.imagenesyarte.com\/de\/buch-des-lebens\/\" \/>\n<meta property=\"og:site_name\" content=\"Kunst und Bilder\" \/>\n<meta property=\"article:modified_time\" content=\"2017-10-18T07:15:49+00:00\" \/>\n<meta name=\"twitter:card\" content=\"summary_large_image\" \/>\n<meta name=\"twitter:label1\" content=\"Gesch\u00e4tzte Lesezeit\" \/>\n\t<meta name=\"twitter:data1\" content=\"1\u00a0Minute\" \/>\n<script type=\"application\/ld+json\" class=\"yoast-schema-graph\">{\"@context\":\"https:\/\/schema.org\",\"@graph\":[{\"@type\":\"WebPage\",\"@id\":\"https:\/\/www.imagenesyarte.com\/de\/buch-des-lebens\/\",\"url\":\"https:\/\/www.imagenesyarte.com\/de\/buch-des-lebens\/\",\"name\":\"Buch des Lebens - Kunst und Bilder\",\"isPartOf\":{\"@id\":\"https:\/\/www.imagenesyarte.com\/de\/#website\"},\"datePublished\":\"2017-05-09T16:45:31+00:00\",\"dateModified\":\"2017-10-18T07:15:49+00:00\",\"breadcrumb\":{\"@id\":\"https:\/\/www.imagenesyarte.com\/de\/buch-des-lebens\/#breadcrumb\"},\"inLanguage\":\"de\",\"potentialAction\":[{\"@type\":\"ReadAction\",\"target\":[\"https:\/\/www.imagenesyarte.com\/de\/buch-des-lebens\/\"]}]},{\"@type\":\"BreadcrumbList\",\"@id\":\"https:\/\/www.imagenesyarte.com\/de\/buch-des-lebens\/#breadcrumb\",\"itemListElement\":[{\"@type\":\"ListItem\",\"position\":1,\"name\":\"Startseite\",\"item\":\"https:\/\/www.imagenesyarte.com\/de\/\"},{\"@type\":\"ListItem\",\"position\":2,\"name\":\"Buch des Lebens\"}]},{\"@type\":\"WebSite\",\"@id\":\"https:\/\/www.imagenesyarte.com\/de\/#website\",\"url\":\"https:\/\/www.imagenesyarte.com\/de\/\",\"name\":\"Kunst und Bilder\",\"description\":\"Deine t\u00e4gliche Inspiration\",\"potentialAction\":[{\"@type\":\"SearchAction\",\"target\":{\"@type\":\"EntryPoint\",\"urlTemplate\":\"https:\/\/www.imagenesyarte.com\/de\/?s={search_term_string}\"},\"query-input\":{\"@type\":\"PropertyValueSpecification\",\"valueRequired\":true,\"valueName\":\"search_term_string\"}}],\"inLanguage\":\"de\"}]}<\/script>\n<!-- \/ Yoast SEO plugin. -->","yoast_head_json":{"title":"Buch des Lebens - Kunst und Bilder","robots":{"index":"index","follow":"follow","max-snippet":"max-snippet:-1","max-image-preview":"max-image-preview:large","max-video-preview":"max-video-preview:-1"},"canonical":"https:\/\/www.imagenesyarte.com\/de\/buch-des-lebens\/","og_locale":"de_DE","og_type":"article","og_title":"Buch des Lebens - Kunst und Bilder","og_description":"&nbsp; Wir schaffen individuelle Pr\u00e4sentationen als Geschenk f\u00fcr Menschen aller Altersgruppen mit bedeutenden Momenten ihres Lebens.\u00a0 Im Folgenden finden Sie einige Beispiele, aber nat\u00fcrlich gibt es [\u2026]","og_url":"https:\/\/www.imagenesyarte.com\/de\/buch-des-lebens\/","og_site_name":"Kunst und Bilder","article_modified_time":"2017-10-18T07:15:49+00:00","twitter_card":"summary_large_image","twitter_misc":{"Gesch\u00e4tzte Lesezeit":"1\u00a0Minute"},"schema":{"@context":"https:\/\/schema.org","@graph":[{"@type":"WebPage","@id":"https:\/\/www.imagenesyarte.com\/de\/buch-des-lebens\/","url":"https:\/\/www.imagenesyarte.com\/de\/buch-des-lebens\/","name":"Buch des Lebens - Kunst und Bilder","isPartOf":{"@id":"https:\/\/www.imagenesyarte.com\/de\/#website"},"datePublished":"2017-05-09T16:45:31+00:00","dateModified":"2017-10-18T07:15:49+00:00","breadcrumb":{"@id":"https:\/\/www.imagenesyarte.com\/de\/buch-des-lebens\/#breadcrumb"},"inLanguage":"de","potentialAction":[{"@type":"ReadAction","target":["https:\/\/www.imagenesyarte.com\/de\/buch-des-lebens\/"]}]},{"@type":"BreadcrumbList","@id":"https:\/\/www.imagenesyarte.com\/de\/buch-des-lebens\/#breadcrumb","itemListElement":[{"@type":"ListItem","position":1,"name":"Startseite","item":"https:\/\/www.imagenesyarte.com\/de\/"},{"@type":"ListItem","position":2,"name":"Buch des Lebens"}]},{"@type":"WebSite","@id":"https:\/\/www.imagenesyarte.com\/de\/#website","url":"https:\/\/www.imagenesyarte.com\/de\/","name":"Kunst und Bilder","description":"Deine t\u00e4gliche Inspiration","potentialAction":[{"@type":"SearchAction","target":{"@type":"EntryPoint","urlTemplate":"https:\/\/www.imagenesyarte.com\/de\/?s={search_term_string}"},"query-input":{"@type":"PropertyValueSpecification","valueRequired":true,"valueName":"search_term_string"}}],"inLanguage":"de"}]}},"_links":{"self":[{"href":"https:\/\/www.imagenesyarte.com\/de\/wp-json\/wp\/v2\/pages\/2569","targetHints":{"allow":["GET"]}}],"collection":[{"href":"https:\/\/www.imagenesyarte.com\/de\/wp-json\/wp\/v2\/pages"}],"about":[{"href":"https:\/\/www.imagenesyarte.com\/de\/wp-json\/wp\/v2\/types\/page"}],"author":[{"embeddable":true,"href":"https:\/\/www.imagenesyarte.com\/de\/wp-json\/wp\/v2\/users\/1"}],"replies":[{"embeddable":true,"href":"https:\/\/www.imagenesyarte.com\/de\/wp-json\/wp\/v2\/comments?post=2569"}],"version-history":[{"count":6,"href":"https:\/\/www.imagenesyarte.com\/de\/wp-json\/wp\/v2\/pages\/2569\/revisions"}],"predecessor-version":[{"id":3101,"href":"https:\/\/www.imagenesyarte.com\/de\/wp-json\/wp\/v2\/pages\/2569\/revisions\/3101"}],"wp:attachment":[{"href":"https:\/\/www.imagenesyarte.com\/de\/wp-json\/wp\/v2\/media?parent=2569"}],"curies":[{"name":"wp","href":"https:\/\/api.w.org\/{rel}","templated":true}]}}